{"id":2,"date":"2024-02-27T15:58:12","date_gmt":"2024-02-27T15:58:12","guid":{"rendered":"http:\/\/fracclasbrisas-sys.net\/?page_id=2"},"modified":"2024-03-01T16:16:56","modified_gmt":"2024-03-01T16:16:56","slug":"pagina-ejemplo","status":"publish","type":"page","link":"https:\/\/fracclasbrisas-sys.net\/index.php\/pagina-ejemplo\/","title":{"rendered":"Asociaci\u00f3n de colonos del fraccionamiento las Brisas AC"},"content":{"rendered":"\n<p>Como objetivo general y parte del desarrollo e innovaci\u00f3n en el \u00e1mbito de las TIC\u00b4s en la asociaci\u00f3n de colonos del fraccionamiento las Brisas nos esforzamos por implementar mejoras tecnol\u00f3gicas que nos permitan optimizar los procesos administrativos y operativos reduciendo costos de operaci\u00f3n y log\u00edstica. <\/p>\n\n\n\n<blockquote class=\"wp-block-quote\">\n<p>Muestra de esta iniciativa a nivel gerencial, se atienden los requerimientos siguiendo los lineamientos que marca nuestra asociaci\u00f3n. <\/p>\n<\/blockquote>\n\n\n\n<p>\u2026o algo as\u00ed:<\/p>\n\n\n\n<blockquote class=\"wp-block-quote\">\n<p>La empresa Mariscos Recio fue fundada por Antonio Recio Mata. Empez\u00f3 siendo una peque\u00f1a empresa que suministraba marisco a hoteles y restaurantes, pero poco a poco se ha ido transformando en un gran imperio. Mariscos Recio, el mar al mejor precio.<\/p>\n<\/blockquote>\n\n\n\n<p>Como nuevo usuario de WordPress, deber\u00edas ir a <a href=\"http:\/\/fracclasbrisas-sys.net\/wp-admin\/\">tu escritorio<\/a> para borrar esta p\u00e1gina y crear nuevas p\u00e1ginas para tu contenido. \u00a1P\u00e1salo bien!<\/p>\n","protected":false},"excerpt":{"rendered":"<p>Como objetivo general y parte del desarrollo e innovaci\u00f3n en el \u00e1mbito de las TIC\u00b4s en la asociaci\u00f3n de colonos del fraccionamiento las Brisas nos esforzamos por implementar mejoras tecnol\u00f3gicas que nos permitan optimizar los procesos administrativos y operativos reduciendo costos de operaci\u00f3n y log\u00edstica. Muestra de esta iniciativa a nivel gerencial, se atienden los &#8230; <a title=\"Asociaci\u00f3n de colonos del fraccionamiento las Brisas AC\" class=\"read-more\" href=\"https:\/\/fracclasbrisas-sys.net\/index.php\/pagina-ejemplo\/\" aria-label=\"Read more about Asociaci\u00f3n de colonos del fraccionamiento las Brisas AC\">Read more<\/a><\/p>\n","protected":false},"author":1,"featured_media":0,"parent":0,"menu_order":0,"comment_status":"closed","ping_status":"open","template":"","meta":{"om_disable_all_campaigns":false,"_monsterinsights_skip_tracking":false,"_monsterinsights_sitenote_active":false,"_monsterinsights_sitenote_note":"","_monsterinsights_sitenote_category":0,"footnotes":""},"aioseo_notices":[],"_links":{"self":[{"href":"https:\/\/fracclasbrisas-sys.net\/index.php\/wp-json\/wp\/v2\/pages\/2"}],"collection":[{"href":"https:\/\/fracclasbrisas-sys.net\/index.php\/wp-json\/wp\/v2\/pages"}],"about":[{"href":"https:\/\/fracclasbrisas-sys.net\/index.php\/wp-json\/wp\/v2\/types\/page"}],"author":[{"embeddable":true,"href":"https:\/\/fracclasbrisas-sys.net\/index.php\/wp-json\/wp\/v2\/users\/1"}],"replies":[{"embeddable":true,"href":"https:\/\/fracclasbrisas-sys.net\/index.php\/wp-json\/wp\/v2\/comments?post=2"}],"version-history":[{"count":1,"href":"https:\/\/fracclasbrisas-sys.net\/index.php\/wp-json\/wp\/v2\/pages\/2\/revisions"}],"predecessor-version":[{"id":6,"href":"https:\/\/fracclasbrisas-sys.net\/index.php\/wp-json\/wp\/v2\/pages\/2\/revisions\/6"}],"wp:attachment":[{"href":"https:\/\/fracclasbrisas-sys.net\/index.php\/wp-json\/wp\/v2\/media?parent=2"}],"curies":[{"name":"wp","href":"https:\/\/api.w.org\/{rel}","templated":true}]}}